{"id":81,"date":"2017-09-18T16:39:56","date_gmt":"2017-09-18T14:39:56","guid":{"rendered":"http:\/\/www.plotegher.it\/?page_id=81"},"modified":"2017-09-18T16:45:18","modified_gmt":"2017-09-18T14:45:18","slug":"privacy","status":"publish","type":"page","link":"http:\/\/www.plotegher.it\/it\/privacy\/","title":{"rendered":"Privacy"},"content":{"rendered":"<p><span class=\"testo\"><b>LA PRIVACY POLICY DI QUESTO SITO<\/b><br \/>\nIn questa pagina si descrivono le modalit\u00e0 di gestione del sito in riferimento al trattamento dei dati personali degli utenti che lo consultano. La presente pagina contiene, dunque, l\u2019informativa resa ai sensi dell\u2019art. 13 del D. Lgs. 196\/2003 \u2013 Codice in materia di protezione dei dati personali &#8211; a coloro che interagiscono con i servizi WEB di Plotegher Trasporti Srl.<br \/>\nLa semplice consultazione di questo sito, cos\u00ec come la registrazione nello stesso, infatti, potranno comportare la registrazione, l\u2019utilizzo, la cancellazione e, pi\u00f9 genericamente, il trattamento di dati personali relativi ad utenti identificati o identificabili.<\/p>\n<p><b>IL TITOLARE DEL TRATTAMENTO<\/b><br \/>\nIl titolare del loro trattamento \u00e8 Plotegher Trasporti Srl, che ha sede in Viale dell&#8217;Industria, 70 &#8211; 35129 Padova (PD) &#8211; ITALY nella figura di Nadia Plotegher.<\/p>\n<p><b>CONFERIMENTO DEI DATI E CONSENSO AL TRATTAMENTO<\/b><br \/>\nPer \u201ctrattamento\u201d dei dati personali si intende qualsiasi tipo di operazione di raccolta, registrazione, conservazione, modificazione, comunicazione, cancellazione e diffusione di dati personali.<br \/>\nI sistemi informatici e le procedure software preposte al funzionamento di questo sito WEB acquisiscono, nel corso del loro normale esercizio, alcuni dati personali la cui trasmissione \u00e8 implicita nell\u2019uso dei protocolli di comunicazione di internet. Di conseguenza, il mero accesso al sito implica l\u2019acquisizione da parte del gestore di informazioni e dati che riguardano l\u2019utente.<br \/>\nInoltre, la registrazione nel sito, facoltativa e volontaria, cos\u00ec come l\u2019invio altrettanto facoltativo e volontario di posta elettronica agli indirizzi indicati su questo sito, comportano l\u2019acquisizione dei dati personali dell\u2019utente registrato, quali, a titolo meramente esemplificativo, l\u2019indirizzo di posta elettronica.<br \/>\nL\u2019utente \u00e8 chiaramente libero di scegliere se fornire i propri dati personali, inserendoli negli appositi moduli per la registrazione. Il mancato conferimento dei dati o il diniego del consenso al loro trattamento degli stessi pu\u00f2 comportare l\u2019impossibilit\u00e0 di ottenere la registrazione e, quindi, il servizio richiesto dall\u2019utente.<\/p>\n<p><b>FINALITA\u2019 DEL TRATTAMENTO DEI DATI<\/b><br \/>\nPer tutti gli utenti del sito:<br \/>\nI dati personali relativi agli utenti del sito potranno essere utilizzati al fine di ricavare informazioni statistiche anonime sull\u2019uso del sito, per controllarne il corretto funzionamento dello stesso e per l\u2019accertamento di eventuali responsabilit\u00e0 in caso di illeciti commessi a danno del sito, del Titolare o di terzi.<br \/>\nCon riferimento agli utenti che effettuano la registrazione nel sito oltre che per le finalit\u00e0 sopra descritte, i dati relativi agli utenti che effettuano la registrazione nel sito saranno trattati al fine di:<br \/>\n1) rendere possibile l\u2019accesso e la navigazione nel sito;<br \/>\n2) fornire all\u2019utente i servizi offerti da Plotegher Trasporti Srl;<br \/>\n3) per esigenze di monitoraggio dell\u2019andamento delle relazioni con i Clienti;<\/span><br \/>\n4) per finalit\u00e0 di marketing e di invio di materiale pubblicitario;<br \/>\n5) ricevere newsletter periodiche; l&#8217;utente in qualunque momento potr\u00e0 disiscriversi;<\/p>\n<p><span class=\"testo\"><br \/>\n<b>COMUNICAZIONE E DIFFUSIONE DEI DATI <\/b><br \/>\nI dati personali degli utenti \u201cregistrati\u201d potranno essere comunicati a soggetti terzi che forniscono i beni\/servizi disponibili nel sito nonch\u00e9 a terzi che svolgono attivit\u00e0 di analisi dei dati a fini statistici; comunque, entro il limite delle finalit\u00e0 del trattamento sopra descritte. Tale comunicazione potr\u00e0 essere effettuata sia verso soggetti stanziati sul territorio nazionale, sia verso soggetti stanziati all\u2019estero in paesi appartenenti all\u2019Unione Europea o estranei alla stessa. I dati potranno, inoltre, essere comunicati a soggetti terzi incaricati della manutenzione del sito da parte del Titolare e sotto la sua vigilanza.<br \/>\nNessun dato personale acquisito dal servizio WEB verr\u00e0 diffuso.<\/p>\n<p><b>MODALITA\u2019 DEL TRATTAMENTO<\/b><br \/>\nI dati personali sono trattati con strumenti automatizzati per il tempo strettamente necessario a conseguire gli scopi per cui sono stati raccolti. Specifiche misure di sicurezza sono osservate per prevenire la perdita dei dati, usi illeciti o non corretti ed accessi non autorizzati, come previsto dalla legge.<br \/>\nInfine, i trattamenti di dati personali connessi ai servizi WEB di questo sito sono curati solo dal personale incaricato del trattamento da parte del Titolare o del Responsabile oppure da addetti di occasionali operazioni di manutenzione del sistema esterni ma incaricati dal Titolare.<\/p>\n<p><b>DIRITTI DEGLI INTERESSATI<\/b><br \/>\nAi sensi dell\u2019art. 7 del Codice della Privacy, i soggetti cui si riferiscono i dati personali hanno il diritto, in qualunque momento, di: ottenere la conferma dell\u2019esistenza dei medesimi dati e di conoscerne il contenuto e l\u2019origine, conoscere le finalit\u00e0 e le modalit\u00e0 del trattamento, conoscere gli estremi del Titolare e dell\u2019eventuale Responsabile, conoscere i soggetti o le categorie di soggetti cui i dati possono essere comunicati, verificare l\u2019esattezza dei dati, chiederne l\u2019integrazione, l\u2019aggiornamento o la rettificazione, la cancellazione, la trasformazione in forma anonima o il blocco dei dati trattati in violazione di legge, chiedere l\u2019attestazione del fatto che le operazioni di cui ai sopra sono state portate a conoscenza, anche per quanto riguarda il loro contenuto, di coloro ai quali i dati sono stati comunicati o diffusi. Inoltre, i soggetti cui i dati si riferiscono possono, per motivi legittimi, opporsi, in tutto o in parte al trattamento dei dati che li riguardano, nonch\u00e9, in particolare, al trattamento dei dati personali previsto ai fini di informazione commerciale o di invio di materiale pubblicitario o di vendita diretta ovvero per il compimento di ricerche di mercato o di comunicazione commerciale<\/span><\/p>\n<p>&nbsp;<\/p>\n<p>Informativa sui Cookies<\/p>\n<p><strong>\u00bb Che cos&#8217;\u00e8 un cookie?<\/strong><br \/>\nUn cookie \u00e8 un piccolo file di testo che i siti web registrano sul computer, telefono o altro dispositivo del visitatore e in cui vengono memorizzate informazioni relative alle modalit\u00e0 di navigazione del visitatore stesso. I cookie sono strumenti che rendono pi\u00f9 agile la navigazione, senza pericoli per il dispositivo utilizzato dal visitatore.<\/p>\n<p><strong>\u00bb A cosa servono i cookie?<\/strong><br \/>\nI cookie tecnici presenti nel sito sono un elemento fondamentale per il corretto funzionamento del nostro sito web. Scopo principale dei nostri cookie \u00e8 quello di ottimizzare la navigazione del visitatore. I cookie, ad esempio, aiutano a identificare il visitatore gi\u00e0 registrato sul nostro sito web, ricordare le sue preferenze durante la sessione di navigazione (lingua, Paese, ecc.) o per visite future, e a gestire il carrello della spesa o a consentirgli di effettuare acquisti od offrirgli funzionalit\u00e0 ulteriori.<\/p>\n<p><strong>\u00bb I cookie e come li utilizziamo<\/strong><\/p>\n<div>\n<p>I cookie sono identificatori che vengono trasferiti sul tuo dispositivo al fine di consentire ai nostri sistemi di riconoscere il tuo dispositivo e per offrirti alcune funzionalit\u00e0.<\/p>\n<p>Utilizziamo i cookie anche per altri scopi, tra cui:<\/p>\n<ul>\n<li>Identificarti quando effettui il log-in sui nostri siti.<\/li>\n<li>Consentire il corretto utilizzo del sito tramite cookie tecnici<\/li>\n<li>Prevenire attivit\u00e0 fraudolente.<\/li>\n<li>Migliorare la sicurezza.<\/li>\n<\/ul>\n<\/div>\n<div>\n<h3>Altre tipologie di Cookie o strumenti terzi che potrebbero farne utilizzo<\/h3>\n<p>Alcuni dei servizi elencati di seguito raccolgono statistiche in forma aggregata e potrebbero non richiedere il consenso dell&#8217;Utente o potrebbero essere gestiti direttamente dal Titolare \u2013 a seconda di quanto descritto \u2013 senza l&#8217;ausilio di terzi.<\/p>\n<p>Qualora fra gli strumenti indicati in seguito fossero presenti servizi gestiti da terzi, questi potrebbero \u2013 in aggiunta a quanto specificato ed anche all\u2019insaputa del Titolare \u2013 compiere attivit\u00e0 di tracciamento dell\u2019Utente. Per informazioni dettagliate in merito, si consiglia di consultare le privacy policy dei servizi elencati.<\/p>\n<h3 class=\"expand-click w_icon_24 policyicon_purpose_414001\">Interazione con social network e piattaforme esterne<\/h3>\n<div class=\"expand-content\">\n<p>Questi servizi permettono di effettuare interazioni con i social network, o con altre piattaforme esterne, direttamente dalle pagine di questa Applicazione.<br \/>\nLe interazioni e le informazioni acquisite da questa Applicazione sono in ogni caso soggette alle impostazioni privacy dell\u2019Utente relative ad ogni social network.<br \/>\nNel caso in cui sia installato un servizio di interazione con i social network, \u00e8 possibile che, anche nel caso gli Utenti non utilizzino il servizio, lo stesso raccolga dati di traffico relativi alle pagine in cui \u00e8 installato.<\/p>\n<h4><strong>Pulsante +1 e widget sociali di Google+ (Google Inc.)<\/strong><\/h4>\n<p>Il pulsante +1 e i widget sociali di Google+ sono servizi di interazione con il social network Google+, forniti da Google Inc.<\/p>\n<p>Dati personali raccolti: Cookie e Dati di utilizzo.<\/p>\n<p>Luogo del trattamento : USA \u2013 <a href=\"http:\/\/www.google.com\/intl\/it\/policies\/privacy\/\" target=\"_blank\" rel=\"noopener\">Privacy Policy<\/a><\/p>\n<h4><strong>Pulsante e widget sociali di Linkedin (LinkedIn Corporation)<\/strong><\/h4>\n<p>Il pulsante e i widget sociali di Linkedin sono servizi di interazione con il social network Linkedin, forniti da LinkedIn Corporation.<\/p>\n<p>Dati personali raccolti: Cookie e Dati di utilizzo.<\/p>\n<p>Luogo del trattamento : USA \u2013 <a href=\"https:\/\/www.linkedin.com\/legal\/privacy-policy\" target=\"_blank\" rel=\"noopener\">Privacy Policy<\/a><\/p>\n<h4><strong>Pulsante Mi Piace e widget sociali di Facebook (Facebook, Inc.)<\/strong><\/h4>\n<p>Il pulsante \u201cMi Piace\u201d e i widget sociali di Facebook sono servizi di interazione con il social network Facebook, forniti da Facebook, Inc.<\/p>\n<p>Dati personali raccolti: Cookie e Dati di utilizzo.<\/p>\n<p>Luogo del trattamento : USA \u2013 <a href=\"http:\/\/www.facebook.com\/privacy\/explanation.php\" target=\"_blank\" rel=\"noopener\">Privacy Policy<\/a><\/p>\n<h4><strong>Pulsante Tweet e widget sociali di Twitter (Twitter, Inc.)<\/strong><\/h4>\n<p>Il pulsante Tweet e i widget sociali di Twitter sono servizi di interazione con il social network Twitter, forniti da Twitter, Inc.<\/p>\n<p>Dati personali raccolti: Cookie e Dati di utilizzo.<\/p>\n<p>Luogo del trattamento : USA \u2013 <a href=\"http:\/\/twitter.com\/privacy\" target=\"_blank\" rel=\"noopener\">Privacy Policy<\/a><\/p>\n<\/div>\n<h3 class=\"expand-click w_icon_24 policyicon_purpose_413981\">Statistica<\/h3>\n<div class=\"expand-content\">\n<p>I servizi contenuti nella presente sezione permettono al Titolare del Trattamento di monitorare e analizzare i dati di traffico e servono a tener traccia del comportamento dell\u2019Utente.<\/p>\n<h4>Google Analytics (Google Inc.)<\/h4>\n<p>Google Analytics \u00e8 un servizio di analisi web fornito da Google Inc. (\u201cGoogle\u201d). Google utilizza i Dati Personali raccolti allo scopo di tracciare ed esaminare l\u2019utilizzo di questa Applicazione, compilare report e condividerli con gli altri servizi sviluppati da Google.<br \/>\nGoogle potrebbe utilizzare i Dati Personali per contestualizzare e personalizzare gli annunci del proprio network pubblicitario.<\/p>\n<p>Dati personali raccolti: Cookie e Dati di utilizzo.<\/p>\n<p>Luogo del trattamento : USA \u2013 <a href=\"http:\/\/www.google.com\/intl\/it\/policies\/privacy\/\" target=\"_blank\" rel=\"noopener\">Privacy Policy<\/a> \u2013 <a href=\"http:\/\/tools.google.com\/dlpage\/gaoptout?hl=it\" target=\"_blank\" rel=\"noopener\">Opt Out<\/a><\/p>\n<h3 class=\"expand-click w_icon_24 policyicon_purpose_414011\">Visualizzazione di contenuti da piattaforme esterne<\/h3>\n<div class=\"expand-content\">\n<p>Questi servizi permettono di visualizzare contenuti ospitati su piattaforme esterne direttamente dalle pagine di questa Applicazione e di interagire con essi.<br \/>\nNel caso in cui sia installato un servizio di questo tipo, \u00e8 possibile che, anche nel caso gli Utenti non utilizzino il servizio, lo stesso raccolga dati di traffico relativi alle pagine in cui \u00e8 installato.<\/p>\n<h4>Widget Video Youtube (Google Inc.)<\/h4>\n<p>Youtube \u00e8 un servizio di visualizzazione di contenuti video gestito da Google Inc. che permette a questa Applicazione di integrare tali contenuti all\u2019interno delle proprie pagine.<\/p>\n<p>Dati personali raccolti: Cookie e Dati di utilizzo.<\/p>\n<p>Luogo del trattamento : USA \u2013 <a href=\"http:\/\/www.google.it\/intl\/it\/policies\/privacy\/\" target=\"_blank\" rel=\"noopener\">Privacy Policy<\/a><\/p>\n<\/div>\n<\/div>\n<\/div>\n<p><strong>\u00bb ISTRUZIONI DISABILITAZIONE COOKIES DAI BROWSERS<\/strong><\/p>\n<p>La funzionalita\u2019 Aiuto della maggior parte dei browser ti indicher\u00e0 come impedire che il browser accetti nuovi cookie, come fare in modo che il browser ti avverta quando ricevi un nuovo cookie e come poter disabilitare del tutto i cookie. Inoltre, puoi disabilitare o eliminare dati simili utilizzati dai componenti aggiuntivi del browser, quali i cookie Flash, cambiando le impostazioni del componente aggiuntivo o visitando il sito web del relativo produttore.<\/p>\n<ul>\n<li>disabilitazione dei cookie su <a href=\"https:\/\/support.mozilla.org\/it\/kb\/Attivare%20e%20disattivare%20i%20cookie\" target=\"_blank\" rel=\"noopener\">Firefox\u00a0<\/a><\/li>\n<li>disabilitazione dei cookie su <a href=\"http:\/\/www.google.com\/policies\/technologies\/managing\/\" target=\"_blank\" rel=\"noopener\">Chrome<\/a><\/li>\n<li>disabilitazione dei cookie su <a href=\"http:\/\/windows.microsoft.com\/it-it\/internet-explorer\/delete-manage-cookies#ie=ie-11\" target=\"_blank\" rel=\"noopener\">Internet Explorer<\/a><\/li>\n<li>disabilitazione dei cookie su <a href=\"http:\/\/support.apple.com\/kb\/HT1677?viewlocale=it_IT&amp;locale=it_IT\" target=\"_blank\" rel=\"noopener\">Safari\u00a0<\/a><\/li>\n<li>disabilitazione dei cookie su <a href=\"http:\/\/help.opera.com\/Mac\/12.10\/it\/cookies.html\" target=\"_blank\" rel=\"noopener\">Opera\u00a0<\/a><\/li>\n<\/ul>\n<p>Se usi un qualsiasi altro browser, cerca nelle impostazioni del browser la modalit\u00e0 di gestione dei cookies.<\/p>\n<p>Per saperne di pi\u00f9 riguardo la gestione dei cookies sul browser dei dispositivi mobili, consultare il manuale utente specifico. Puoi anche trovare ulteriori informazioni sui cookies e su come gestirli consultando il sito<a href=\"http:\/\/www.aboutcookies.org\/\" target=\"_blank\" rel=\"noopener\">www.aboutcookies.org<\/a>.<\/p>\n<p>Inoltre accedendo alla pagina <a href=\"http:\/\/www.youronlinechoices.com\/it\/le-tue-scelte\" target=\"_blank\" rel=\"noopener\">http:\/\/www.youronlinechoices.com\/it\/le-tue-scelte<\/a> \u00e8 possibile informarsi sulla pubblicit\u00e0 comportamentale oltre che disattivare o attivare le societ\u00e0 elencate e che lavorano con i gestori dei siti web per raccogliere e utilizzare informazioni utili alla fruizione della pubblicit\u00e0.<\/p>\n","protected":false},"excerpt":{"rendered":"<p>LA PRIVACY POLICY DI QUESTO SITO In questa pagina si descrivono le modalit\u00e0 di gestione del sito in riferimento al trattamento dei dati personali degli utenti che lo consultano. La presente pagina contiene, dunque, l\u2019informativa resa ai sensi dell\u2019art. 13 del D. Lgs. 196\/2003 \u2013 Codice in materia di protezione dei dati personali &#8211; a [&hellip;]<\/p>\n<a href=\"http:\/\/www.plotegher.it\/it\/privacy\/\" class=\"more-link\">Read More <span class=\"screen-reader-text\">Privacy<\/span><\/a>","protected":false},"author":1,"featured_media":0,"parent":0,"menu_order":0,"comment_status":"closed","ping_status":"closed","template":"","meta":{"footnotes":""},"class_list":["post-81","page","type-page","status-publish","hentry"],"_links":{"self":[{"href":"http:\/\/www.plotegher.it\/it\/wp-json\/wp\/v2\/pages\/81","targetHints":{"allow":["GET"]}}],"collection":[{"href":"http:\/\/www.plotegher.it\/it\/wp-json\/wp\/v2\/pages"}],"about":[{"href":"http:\/\/www.plotegher.it\/it\/wp-json\/wp\/v2\/types\/page"}],"author":[{"embeddable":true,"href":"http:\/\/www.plotegher.it\/it\/wp-json\/wp\/v2\/users\/1"}],"replies":[{"embeddable":true,"href":"http:\/\/www.plotegher.it\/it\/wp-json\/wp\/v2\/comments?post=81"}],"version-history":[{"count":3,"href":"http:\/\/www.plotegher.it\/it\/wp-json\/wp\/v2\/pages\/81\/revisions"}],"predecessor-version":[{"id":84,"href":"http:\/\/www.plotegher.it\/it\/wp-json\/wp\/v2\/pages\/81\/revisions\/84"}],"wp:attachment":[{"href":"http:\/\/www.plotegher.it\/it\/wp-json\/wp\/v2\/media?parent=81"}],"curies":[{"name":"wp","href":"https:\/\/api.w.org\/{rel}","templated":true}]}}